{"id":628,"date":"2022-06-23T08:41:35","date_gmt":"2022-06-23T12:41:35","guid":{"rendered":"https:\/\/huronfwm.org\/acerca-de\/"},"modified":"2023-06-15T13:08:32","modified_gmt":"2023-06-15T13:08:32","slug":"acerca-de","status":"publish","type":"page","link":"https:\/\/huronfwm.org\/es\/acerca-de\/","title":{"rendered":"Acerca de"},"content":{"rendered":"\n<div class=\"wp-block-group pt__1 pb__1 has-global-padding is-layout-constrained wp-block-group-is-layout-constrained\">\n<p class=\"has-text-l-font-size pb__8\">En el Ministerio de Trabajadores Agr\u00edcolas de Hur\u00f3n comprendemos los retos a los que se enfrentan los trabajadores agr\u00edcolas migrantes, como las barreras ling\u00fc\u00edsticas, las diferencias culturales, la discriminaci\u00f3n y el acceso limitado a los recursos. Nuestro ministerio pretende afrontar estos retos y crear un entorno acogedor e integrador para los trabajadores.<\/p>\n\n\n\n<figure class=\"wp-block-image size-large pb__8\"><img loading=\"lazy\" decoding=\"async\" width=\"1024\" height=\"768\" src=\"https:\/\/huronfwm.org\/wp-content\/uploads\/2023\/05\/founding-committee-1024x768.jpeg\" alt=\"\" class=\"wp-image-344\" srcset=\"https:\/\/huronfwm.org\/wp-content\/uploads\/2023\/05\/founding-committee-1024x768.jpeg 1024w, https:\/\/huronfwm.org\/wp-content\/uploads\/2023\/05\/founding-committee-300x225.jpeg 300w, https:\/\/huronfwm.org\/wp-content\/uploads\/2023\/05\/founding-committee-768x576.jpeg 768w, https:\/\/huronfwm.org\/wp-content\/uploads\/2023\/05\/founding-committee-1536x1152.jpeg 1536w, https:\/\/huronfwm.org\/wp-content\/uploads\/2023\/05\/founding-committee.jpeg 2048w\" sizes=\"auto, (max-width: 1024px) 100vw, 1024px\" \/><\/figure>\n\n\n<p>Para muchas personas de nuestra Di\u00f3cesis de Huron, la presencia de trabajadores inmigrantes es invisible y no son conscientes de la contribuci\u00f3n de los trabajadores inmigrantes a nuestra econom\u00eda canadiense, pero tambi\u00e9n, son esenciales para la seguridad alimentaria de Canad\u00e1; pero tristemente, tienen poca seguridad.<\/p>\n\n\n\n<p>El Huron Farmworkers Ministry atiende a m\u00e1s de 5.000 trabajadores agr\u00edcolas inmigrantes que vienen cada a\u00f1o a trabajar en la industria agr\u00edcola local. Ayudamos a proporcionar suministros esenciales como EPI, ropa y alimentos, as\u00ed como educaci\u00f3n con respecto a las prestaciones. Tambi\u00e9n ayudamos a muchas personas que no hablan el idioma con servicios gratuitos de traducci\u00f3n. Dado que la salud mental es un gran reto entre los trabajadores agr\u00edcolas migrantes, proporcionamos un espacio para reuniones semanales de interacci\u00f3n social y comidas.<\/p>\n\n\n\n<p>Como ministerio de divulgaci\u00f3n de la justicia social, proporciona a los trabajadores agr\u00edcolas migrantes acceso a comidas comunitarias, ropa, bicicletas para el transporte, comestibles y otros. Uno de los mayores retos a los que se enfrentan los trabajadores agr\u00edcolas migrantes es la salud mental y el bienestar. Los trabajadores viven y trabajan en las mismas explotaciones en las que est\u00e1n empleados. Cuando llegan por primera vez a Canad\u00e1, no suelen estar preparados para el fr\u00edo y la mayor\u00eda tiene fondos limitados para alimentos. Algunos agricultores les dan un anticipo de su paga, pero con el dinero que tienen que enviar a sus familias y devolverles el anticipo, les queda poco para comer. En la \u00e9poca de la cosecha pueden llegar a trabajar 50 horas o m\u00e1s a la semana, 7 d\u00edas a la semana.<\/p>\n\n\n\n<p>Tienen derecho a una salida semanal para hacer compras y recados personales, que suele tener lugar los jueves o viernes por la tarde. Simcoe y Delhi son las zonas actuales donde realizamos nuestra labor de divulgaci\u00f3n. En Delhi hemos creado un centro con espacio para que los trabajadores se re\u00fanan, incluido<br\/>WIFI para que los trabajadores puedan ponerse en contacto con sus familias en casa, ya que la mayor\u00eda no tiene acceso en sus granjas. Pueden obtener orientaci\u00f3n sobre muchos temas, como la declaraci\u00f3n de la renta, sus derechos y prestaciones, salud mental, etc. Tambi\u00e9n proporcionamos ropa usada y art\u00edculos de higiene personal.<br\/>productos (art\u00edculos de tocador: jab\u00f3n, maquinillas de afeitar, pasta dent\u00edfrica, cepillos de dientes, etc.)<br\/>Con el apoyo de la Iglesia Anglicana de la Trinidad en Simcoe, ON, no s\u00f3lo proporcionamos apoyo a los trabajadores, como se ha indicado anteriormente, sino que tambi\u00e9n ofrecemos una cena ligera y refrescos. Tienen acceso a WIFI y, lo que es m\u00e1s importante, pueden socializar entre ellos y con nuestros<br\/>voluntarios, muchos de los cuales hablan espa\u00f1ol.<\/p>\n\n\n\n<p>El trabajo diario en las granjas puede ser mon\u00f3tono y limitado en t\u00e9rminos de interacci\u00f3n social. Los trabajadores aprecian mucho el espacio acogedor que les proporcionamos en ambas sedes. Creemos que es imperativo que la comunidad reconozca y apoye a nuestra comunidad local de trabajadores agr\u00edcolas. Sin ellos, nuestros agricultores se ver\u00edan en apuros para suministrar productos en las cantidades necesarias para mantener a nuestra poblaci\u00f3n en todo Canad\u00e1. Aportan mucho a nuestra industria y a nuestra econom\u00eda local. Una contribuci\u00f3n de una agencia local como United Way ser\u00e1 un gesto maravilloso para reconocer y expresar nuestra gratitud por todo su duro trabajo y dedicaci\u00f3n.<\/p>\n<\/div>\n","protected":false},"excerpt":{"rendered":"<p>En el Ministerio de Trabajadores Agr\u00edcolas de Hur\u00f3n comprendemos los retos a los que se enfrentan los trabajadores agr\u00edcolas migrantes, como las barreras ling\u00fc\u00edsticas, las diferencias culturales, la discriminaci\u00f3n y el acceso limitado a los recursos. Nuestro ministerio pretende afrontar estos retos y crear un entorno acogedor e integrador para los trabajadores. Para muchas personas [&hellip;]<\/p>\n","protected":false},"author":6,"featured_media":0,"parent":0,"menu_order":0,"comment_status":"closed","ping_status":"closed","template":"","meta":{"footnotes":""},"class_list":["post-628","page","type-page","status-publish","hentry"],"_links":{"self":[{"href":"https:\/\/huronfwm.org\/es\/wp-json\/wp\/v2\/pages\/628","targetHints":{"allow":["GET"]}}],"collection":[{"href":"https:\/\/huronfwm.org\/es\/wp-json\/wp\/v2\/pages"}],"about":[{"href":"https:\/\/huronfwm.org\/es\/wp-json\/wp\/v2\/types\/page"}],"author":[{"embeddable":true,"href":"https:\/\/huronfwm.org\/es\/wp-json\/wp\/v2\/users\/6"}],"replies":[{"embeddable":true,"href":"https:\/\/huronfwm.org\/es\/wp-json\/wp\/v2\/comments?post=628"}],"version-history":[{"count":1,"href":"https:\/\/huronfwm.org\/es\/wp-json\/wp\/v2\/pages\/628\/revisions"}],"predecessor-version":[{"id":629,"href":"https:\/\/huronfwm.org\/es\/wp-json\/wp\/v2\/pages\/628\/revisions\/629"}],"wp:attachment":[{"href":"https:\/\/huronfwm.org\/es\/wp-json\/wp\/v2\/media?parent=628"}],"curies":[{"name":"wp","href":"https:\/\/api.w.org\/{rel}","templated":true}]}}