{"id":621,"date":"2023-05-23T15:11:56","date_gmt":"2023-05-23T15:11:56","guid":{"rendered":"https:\/\/huronfwm.org\/vea-aqui-las-semillas-firmemente-plantadas\/"},"modified":"2023-06-15T13:08:26","modified_gmt":"2023-06-15T13:08:26","slug":"vea-aqui-las-semillas-firmemente-plantadas","status":"publish","type":"page","link":"https:\/\/huronfwm.org\/es\/vea-aqui-las-semillas-firmemente-plantadas\/","title":{"rendered":"Vea aqu\u00ed las semillas firmemente plantadas"},"content":{"rendered":"\n<p>Por el Rev. Enrique Mart\u00ednez<\/p>\n\n<p class=\"has-text-l-font-size pb__8\">No tenemos que imaginar el buen trabajo que estamos haciendo en alg\u00fan lugar lejano &#8211; est\u00e1n viniendo a nosotros, en nuestro pa\u00eds y nuestras comunidades.<\/p>\n\n<blockquote class=\"wp-block-quote pb__1 is-layout-flow wp-block-quote-is-layout-flow\">\n<p>Bienaventurados los que tienen hambre y sed de justicia, porque ellos ser\u00e1n saciados.<br\/>Bienaventurados los misericordiosos, porque ellos recibir\u00e1n misericordia.<br\/>Bienaventurados los pacificadores, porque ellos ser\u00e1n llamados hijos de Dios.<\/p>\n<cite>(Mt 5: 6-7,9)<\/cite><\/blockquote>\n\n<p class=\"pt__8\">Para ser sacerdote para los inmigrantes, uno debe abandonar la comodidad de su parroquia en busca de la \u00aboveja perdida\u00bb.  <\/p>\n\n<p>Esta es mi experiencia desde que empec\u00e9 a atender a los miles de trabajadores agr\u00edcolas inmigrantes que viven y trabajan en nuestras granjas de Haldimand-Norfolk. <\/p>\n\n<p>Para m\u00ed, es una llamada y una vocaci\u00f3n \u00fanicas, as\u00ed como un privilegio que Dios me haya concedido servir a los humildes trabajadores, que en su mayor\u00eda son miembros invisibles de nuestras comunidades. Digo invisibles porque muchos en nuestra sociedad no son conscientes de su presencia y contribuci\u00f3n entre nosotros.  <\/p>\n\n<p>Hace casi dos a\u00f1os llegu\u00e9 a la parroquia de Long Bay, una parroquia compuesta por cinco iglesias: St. John&#8217;s (Port Rowan), St. John&#8217;s (Woodhouse), Memorial (Port Ryerse), St. Andrew&#8217;s (Turkey Point) y Christ Church (Vittoria). Adem\u00e1s de servir a los feligreses cuyas familias se remontan a varias generaciones, tambi\u00e9n vi que el Se\u00f1or nos brindaba una maravillosa oportunidad de evangelizaci\u00f3n y hospitalidad atendiendo las necesidades de los trabajadores agr\u00edcolas migrantes.  <\/p>\n\n<p>Al ser yo misma inmigrante, comprend\u00ed los retos a los que se enfrentaban estos trabajadores debido a diferentes barreras como el idioma, la cultura, la discriminaci\u00f3n y las expresiones de fe. Sin embargo, fue un ministerio en el que me embarqu\u00e9 con la bendici\u00f3n de mi parroquia y di\u00f3cesis para ofrecer un espacio de acogida como manda el Evangelio: \u00abEra forastero y me acogisteis\u00bb. (Mateo 25:35).  <\/p>\n\n<p>Nuestra sociedad canadiense tiene la suerte de contar con estos trabajadores que dejan su pa\u00eds y su patria para trabajar en nuestros campos haciendo un trabajo que la mayor\u00eda de los canadienses no est\u00e1n dispuestos a hacer. Son una parte vital de nuestra industria agr\u00edcola y de nuestra seguridad alimentaria. Permiten que nuestras explotaciones prosperen, as\u00ed como nuestra econom\u00eda, al proporcionar importantes productos agr\u00edcolas tanto aqu\u00ed como en el extranjero.  <\/p>\n\n<p>El Programa de Trabajadores Temporeros Agr\u00edcolas (SWAP) existe desde los a\u00f1os sesenta. Se trata de un programa federal que pretend\u00eda ser una medida temporal de empleo, pero que se ha convertido en una soluci\u00f3n permanente para la industria agr\u00edcola.  <\/p>\n\n<p>Aunque el programa tiene ventajas tanto para los trabajadores como para los cultivadores, siempre hay margen de mejora.  <\/p>\n\n<p>Las condiciones de vida y los derechos laborales de los trabajadores var\u00edan de una explotaci\u00f3n a otra. Hay empresarios excepcionales que tratan a sus trabajadores con cuidado y respeto. Hay explotaciones en las que los trabajadores disfrutan de condiciones laborales y derechos justos (con margen de mejora) y, lamentablemente, sigue habiendo numerosas explotaciones en las que se explota y abusa de los trabajadores.  <\/p>\n\n<p>El programa obliga a conceder al trabajador los mismos derechos y privilegios que a cualquier otro canadiense, con la \u00fanica excepci\u00f3n de que, cuando termina la temporada, el trabajador vuelve a casa hasta que se le llama para la siguiente. Seg\u00fan mi experiencia, quienes se enfrentan a dificultades indebidas, discriminaci\u00f3n y\/o abusos rara vez hablan por miedo a represalias, es decir, al despido inmediato y la p\u00e9rdida de futuros empleos. Las recientes muertes de trabajadores agr\u00edcolas migrantes durante la pandemia sacaron a la luz algunas de las debilidades y grietas del programa.  <\/p>\n\n<p>Como parroquia, nos sentimos impulsados a responder a este desaf\u00edo y oportunidad pastorales. Y gracias al apoyo de nuestra di\u00f3cesis y de personas como la reverenda archidi\u00e1cona Janet Griffith Clarke, nuestro decano, el reverendo Paul Sherwood, y la generosidad de innumerables feligreses de aqu\u00ed y de toda la di\u00f3cesis, pudimos crear el Huron Farmworkers Ministry Centre, con sede en Delhi.  <\/p>\n\n<p>Nuestro alcance se extiende a todos los alrededores de Haldimand-Norfolk. Tambi\u00e9n colaboramos con el Centre for Migrant Workers Solidarity de Simcoe (Ontario), dirigido por Peter Ciallella y Fanny Belcoski. Hasta hace poco, nuestra asociaci\u00f3n inclu\u00eda tambi\u00e9n a KAIROS, una organizaci\u00f3n ecum\u00e9nica de justicia social de la Iglesia Unida de Canad\u00e1.  <\/p>\n\n<p>En poco m\u00e1s de un a\u00f1o, el Huron Farmworkers Ministry ha ayudado mensualmente a m\u00e1s de 1.000 trabajadores con ropa, alimentos, material de cocina, servicios de traducci\u00f3n, solicitudes de prestaciones por hijos a cargo, EPI, bicicletas y productos para la higiene personal. Aunque el ministerio abarca cientos de kil\u00f3metros cuadrados con una poblaci\u00f3n de trabajadores inmigrantes que supera los 5.000, podemos llegar a muchos.  <\/p>\n\n<p>Aparte de nuestra atenci\u00f3n y asistencia social, una parte muy importante del ministerio ha sido el apoyo espiritual y moral.  <\/p>\n\n<p>Con la ayuda del reverendo Paul Sherwood, de la Iglesia Anglicana de la Trinidad, ofrecemos encuentros espirituales y comidas semanales todos los jueves en Simcoe. Tambi\u00e9n distribuimos ropa donada, que ha demostrado ser muy importante, ya que los trabajadores a menudo carecen de ropa adecuada para las diversas temperaturas de nuestro clima canadiense. Pero lo m\u00e1s importante es que las reuniones semanales ofrecen a los trabajadores un espacio acogedor para el compa\u00f1erismo y el esparcimiento. Dado que los trabajadores pasan la mayor parte del tiempo en las granjas (a menudo 7 d\u00edas a la semana), las oportunidades de interacci\u00f3n social son m\u00ednimas, lo que puede repercutir negativamente en su salud mental.<\/p>\n\n<p>Uno de los momentos m\u00e1s destacados para m\u00ed como sacerdote misionero es la celebraci\u00f3n de la Eucarist\u00eda con los trabajadores en su lengua materna, el espa\u00f1ol.  <\/p>\n\n<p>La fe es un aspecto vibrante de la vida de los trabajadores hispanohablantes de M\u00e9xico y Guatemala. En nuestros encuentros espirituales, los trabajadores comprenden, a trav\u00e9s de su encuentro con el Reino de Dios, que Cristo resucitado est\u00e1 con ellos de manera muy real y palpable. Cristo camina con ellos, a trav\u00e9s de sus luchas, dolor y logros. Adem\u00e1s, se fortalece la fe de todas nuestras comunidades para que podamos ayudar a transformar las injusticias a las que se enfrentan cada d\u00eda los m\u00e1s desfavorecidos. Nuestro objetivo de paz, sanaci\u00f3n y reconciliaci\u00f3n es permanente.  <\/p>\n\n<p>Hoy en d\u00eda, la Iglesia anglicana de Huron se encuentra en una posici\u00f3n \u00fanica para continuar el buen trabajo que el Se\u00f1or nos ha encomendado, extendiendo nuestra atenci\u00f3n pastoral a los trabajadores inmigrantes que viven entre nosotros. No podemos quedarnos de brazos cruzados. La propia Escritura nos reta a pasar de la preocupaci\u00f3n a la acci\u00f3n: \u00ab\u00bfC\u00f3mo habita el amor de Dios en quien tiene los bienes del mundo y ve a un hermano o hermana en necesidad y, sin embargo, rechaza la ayuda?\u00bb. Juan 3:17.<\/p>\n\n<p>A partir de octubre, han cesado las oportunidades de financiaci\u00f3n con KAIROS. Seguimos buscando nuevas asociaciones y oportunidades de subvenci\u00f3n para fomentar nuestro trabajo. Mientras tanto, recurrimos a la generosidad de las personas buenas y fieles de nuestras parroquias para cualquier ayuda que puedan aportar.  <\/p>\n\n<p>El Ministerio de los Trabajadores Agr\u00edcolas de Hur\u00f3n es de naturaleza misionera. La diferencia entre nuestra labor misionera y otras misiones es que nosotros no cruzamos fronteras para servir a nuestros hermanos y hermanas necesitados. Vienen a nosotros, a nuestro pa\u00eds y a nuestras comunidades. No tenemos que imaginar el buen trabajo que estamos haciendo en alg\u00fan lugar lejano, sino ver las semillas del Evangelio firmemente plantadas aqu\u00ed. Adem\u00e1s, invitamos a todos a participar en nuestras reuniones semanales. Aunque realizamos esta labor sin \u00e1nimo de lucro ni recompensa personal, las sonrisas en los rostros de estos trabajadores y sus expresiones de gratitud nos llenan el coraz\u00f3n al saber que nuestros esfuerzos est\u00e1n marcando una diferencia en sus vidas.<\/p>\n\n<p>Para terminar, quiero dejarles unas \u00faltimas reflexiones. En el Juicio Final todos tendremos que dar cuenta de nuestros actos y responder a la pregunta: \u00ab\u00bfcu\u00e1ndo Se\u00f1or te vi hambriento y te di de comer, desnudo y te vest\u00ed, en la c\u00e1rcel, te visit\u00e9, forastero y te acog\u00ed? Y el Maestro responder\u00e1: lo que hicisteis al m\u00e1s peque\u00f1o de mis hermanos, a m\u00ed me lo hicisteis\u00bb. (Mateo 25).  <\/p>\n\n<p>Les agradezco la oportunidad de compartir nuestro maravilloso ministerio y que las palabras de las Escrituras nos inspiren a todos para continuar el buen trabajo: &#8216;<\/p>\n\n<blockquote class=\"wp-block-quote pb__1 is-layout-flow wp-block-quote-is-layout-flow\">\n<p>El que ten\u00eda mucho no ten\u00eda demasiado, y el que ten\u00eda poco no ten\u00eda demasiado poco.<\/p>\n<cite>(2 Corintios 8:13-16)<\/cite><\/blockquote>\n\n<p class=\"pt__8\"><em>El reverendo Enrique Mart\u00ednez es sacerdote de la parroquia de Long Point Bay y director del Huron Migrant Farmworkers Ministry Centre.<\/em><\/p>\n","protected":false},"excerpt":{"rendered":"<p>Por el Rev. Enrique Mart\u00ednez No tenemos que imaginar el buen trabajo que estamos haciendo en alg\u00fan lugar lejano &#8211; est\u00e1n viniendo a nosotros, en nuestro pa\u00eds y nuestras comunidades. Bienaventurados los que tienen hambre y sed de justicia, porque ellos ser\u00e1n saciados.Bienaventurados los misericordiosos, porque ellos recibir\u00e1n misericordia.Bienaventurados los pacificadores, porque ellos ser\u00e1n llamados [&hellip;]<\/p>\n","protected":false},"author":6,"featured_media":0,"parent":0,"menu_order":0,"comment_status":"closed","ping_status":"closed","template":"","meta":{"footnotes":""},"class_list":["post-621","page","type-page","status-publish","hentry"],"_links":{"self":[{"href":"https:\/\/huronfwm.org\/es\/wp-json\/wp\/v2\/pages\/621","targetHints":{"allow":["GET"]}}],"collection":[{"href":"https:\/\/huronfwm.org\/es\/wp-json\/wp\/v2\/pages"}],"about":[{"href":"https:\/\/huronfwm.org\/es\/wp-json\/wp\/v2\/types\/page"}],"author":[{"embeddable":true,"href":"https:\/\/huronfwm.org\/es\/wp-json\/wp\/v2\/users\/6"}],"replies":[{"embeddable":true,"href":"https:\/\/huronfwm.org\/es\/wp-json\/wp\/v2\/comments?post=621"}],"version-history":[{"count":1,"href":"https:\/\/huronfwm.org\/es\/wp-json\/wp\/v2\/pages\/621\/revisions"}],"predecessor-version":[{"id":622,"href":"https:\/\/huronfwm.org\/es\/wp-json\/wp\/v2\/pages\/621\/revisions\/622"}],"wp:attachment":[{"href":"https:\/\/huronfwm.org\/es\/wp-json\/wp\/v2\/media?parent=621"}],"curies":[{"name":"wp","href":"https:\/\/api.w.org\/{rel}","templated":true}]}}