{"id":604,"date":"2023-05-16T14:13:31","date_gmt":"2023-05-16T18:13:31","guid":{"rendered":"https:\/\/huronfwm.org\/donaciones\/"},"modified":"2025-07-30T13:14:46","modified_gmt":"2025-07-30T17:14:46","slug":"donaciones","status":"publish","type":"page","link":"https:\/\/huronfwm.org\/es\/donaciones\/","title":{"rendered":"Donaciones"},"content":{"rendered":"\n<div class=\"wp-block-group pt__8 has-global-padding is-layout-constrained wp-block-group-is-layout-constrained\">\n<p>Necesitamos constantemente donaciones de ropa, alimentos y bicicletas.<\/p>\n\n\n\n<p><\/p>\n\n\n\n<h2 class=\"wp-block-heading pb__1\">Ropa<\/h2>\n\n\n\n<p class=\"pt__1\">Aceptamos pantalones masculinos (tallas 32-38), camisas (tallas S-XL), gorros, chaquetas, bufandas y otras prendas adecuadas tanto para el calor como para el fr\u00edo.  <\/p>\n\n\n\n<p><\/p>\n\n\n\n<h2 class=\"wp-block-heading pb__1\">Alimentaci\u00f3n y menaje<\/h2>\n\n\n\n<p>Las donaciones de alimentos pueden incluir art\u00edculos enlatados o no perecederos que tengan una vida \u00fatil m\u00e1s larga, ya que el espacio de refrigeraci\u00f3n es limitado. Adem\u00e1s, los art\u00edculos pr\u00f3ximos a su fecha de caducidad tambi\u00e9n ser\u00edan apreciados, ya que pueden consumirse en lugar de comprarse.  <\/p>\n\n\n\n<p>Los utensilios de cocina como microondas, arroceras, freidoras de aire, teteras, ollas y sartenes son caros de adquirir para nuestra organizaci\u00f3n, pero esenciales para la preparaci\u00f3n de comidas debido al espacio limitado de los fogones.<\/p>\n\n\n\n<p><\/p>\n\n\n\n<h2 class=\"wp-block-heading pb__1\">Bicicletas<\/h2>\n\n\n\n<p>Las bicicletas son otra necesidad crucial, ya que muchas personas carecen de medios de transporte durante su tiempo libre, lo que a menudo les obliga a confinarse en la granja. Proporcionarles bicicletas les otorgar\u00eda la libertad que todo ser humano merece.  <\/p>\n\n\n\n<p><\/p>\n\n\n\n<h2 class=\"wp-block-heading pb__1\">C\u00f3mo donar<\/h2>\n\n\n\n<p>Si est\u00e1 interesado en donar alguno de estos art\u00edculos, p\u00f3ngase en contacto con nosotros por los siguientes medios:<\/p>\n\n\n\n<p>Para donaciones elegibles para recibos de impuestos caritativos en efectivo o tarjeta de cr\u00e9dito, por favor utilice el bot\u00f3n de \u00ab<em><strong><a href=\"https:\/\/www.canadahelps.org\/en\/dn\/99599\" data-type=\"link\" data-id=\"https:\/\/www.canadahelps.org\/en\/dn\/99599\">Donar Ahora<\/a><\/strong><\/em>\u00bb localizado en la parte inferior, si prefiere enviar un cheque por correo, env\u00edelo a:<\/p>\n<\/div>\n\n\n\n<div class=\"wp-block-group is-vertical is-layout-flex wp-container-core-group-is-layout-fe9cc265 wp-block-group-is-layout-flex\">\n<p><strong><em>55 Foxbar Road,<\/em><br><em>London, Ontario<\/em><br><em>N6C 2A6<\/em><\/strong><\/p>\n\n\n\n<p>Para donaciones por transferencia electr\u00f3nica pude utilizar el siguiente correo electr\u00f3nico: <a href=\"mailto:hfwmdonations@gmail.com\"><em><strong>hfwmdonations@gmail.com<\/strong><\/em><\/a>. por favor incluya su informaci\u00f3n de contacto para que podamos enviarle una nota de agradecimiento por su generosidad.<\/p>\n\n\n\n<p>Nuestra l\u00ednea principal para cualquier consulta es: <strong><em>548 881 5614<\/em><\/strong>.<\/p>\n\n\n\n<p>Padre Enrique: <a href=\"mailto:fr.enrique@huronfwm.org\"><strong><em>fr.enrique@huronfwm.org<\/em><\/strong><\/a>  <\/p>\n\n\n\n<p>Para coordinar una recolecci\u00f3n de art\u00edculos o programar una entrega:<\/p>\n\n\n\n<p>Diana Rueda: <strong><em><a href=\"mailto:dianar@huronfwm.org\">dianar@huronfwm.org<\/a><\/em><\/strong><\/p>\n\n\n\n<p><\/p>\n\n\n\n<p>Para cualquiera de las donaciones mencionadas anteriormente, por favor proporcione su nombre o el nombre de la iglesia o grupo para que podamos anunciar su generosidad en las redes sociales como una peque\u00f1a muestra de agradecimiento por su amabilidad. <\/p>\n\n\n\n<p>Las donaciones pueden ser entregadas en:<\/p>\n\n\n\n<p><\/p>\n\n\n\n<div class=\"wp-block-group has-global-padding is-layout-constrained wp-block-group-is-layout-constrained\">\n<p><strong><em>St. Andrew Memorial Church<\/em><\/strong><br><strong><em>55 Foxbar Road,<br>London, Ontario<br>N6C 2A6 <\/em><\/strong><\/p>\n\n\n\n<p><strong>Por favor llame al <em>548 881 5614<\/em> para programar una hora de entrega y que alguien pueda recibir su donaci\u00f3n.<\/strong><\/p>\n\n\n\n<p>Para obtener m\u00e1s informaci\u00f3n sobre nuestra disponibilidad, consulte nuestra p\u00e1gina de <a href=\"https:\/\/www.facebook.com\/thehuronfarmworkersministry\" data-type=\"link\" data-id=\"https:\/\/www.facebook.com\/thehuronfarmworkersministry\">Facebook<\/a>  para actualizaciones.         <\/p>\n<\/div>\n<\/div>\n\n\n\n<div class=\"wp-block-group pt__8 has-global-padding is-layout-constrained wp-block-group-is-layout-constrained\">\n<div class=\"wp-block-buttons is-content-justification-center is-layout-flex wp-container-core-buttons-is-layout-a89b3969 wp-block-buttons-is-layout-flex\">\n<div class=\"wp-block-button\"><a class=\"wp-block-button__link wp-element-button\" href=\"https:\/\/www.canadahelps.org\/en\/dn\/99599\"><strong><em>Donar Ahora<\/em><\/strong><\/a><\/div>\n<\/div>\n\n\n\n<p><\/p>\n\n\n\n<p><\/p>\n<\/div>\n","protected":false},"excerpt":{"rendered":"<p>Necesitamos constantemente donaciones de ropa, alimentos y bicicletas. Ropa Aceptamos pantalones masculinos (tallas 32-38), camisas (tallas S-XL), gorros, chaquetas, bufandas y otras prendas adecuadas tanto para el calor como para el fr\u00edo. Alimentaci\u00f3n y menaje Las donaciones de alimentos pueden incluir art\u00edculos enlatados o no perecederos que tengan una vida \u00fatil m\u00e1s larga, ya que [&hellip;]<\/p>\n","protected":false},"author":6,"featured_media":0,"parent":0,"menu_order":0,"comment_status":"closed","ping_status":"closed","template":"","meta":{"footnotes":""},"class_list":["post-604","page","type-page","status-publish","hentry"],"_links":{"self":[{"href":"https:\/\/huronfwm.org\/es\/wp-json\/wp\/v2\/pages\/604","targetHints":{"allow":["GET"]}}],"collection":[{"href":"https:\/\/huronfwm.org\/es\/wp-json\/wp\/v2\/pages"}],"about":[{"href":"https:\/\/huronfwm.org\/es\/wp-json\/wp\/v2\/types\/page"}],"author":[{"embeddable":true,"href":"https:\/\/huronfwm.org\/es\/wp-json\/wp\/v2\/users\/6"}],"replies":[{"embeddable":true,"href":"https:\/\/huronfwm.org\/es\/wp-json\/wp\/v2\/comments?post=604"}],"version-history":[{"count":9,"href":"https:\/\/huronfwm.org\/es\/wp-json\/wp\/v2\/pages\/604\/revisions"}],"predecessor-version":[{"id":1628,"href":"https:\/\/huronfwm.org\/es\/wp-json\/wp\/v2\/pages\/604\/revisions\/1628"}],"wp:attachment":[{"href":"https:\/\/huronfwm.org\/es\/wp-json\/wp\/v2\/media?parent=604"}],"curies":[{"name":"wp","href":"https:\/\/api.w.org\/{rel}","templated":true}]}}