{"id":597,"date":"2023-05-23T14:16:44","date_gmt":"2023-05-23T14:16:44","guid":{"rendered":"https:\/\/huronfwm.org\/informacion-adicional-sobre-trabajadores-migrantes\/"},"modified":"2023-06-15T13:08:20","modified_gmt":"2023-06-15T13:08:20","slug":"informacion-adicional-sobre-trabajadores-migrantes","status":"publish","type":"page","link":"https:\/\/huronfwm.org\/es\/recursos\/informacion-adicional-sobre-trabajadores-migrantes\/","title":{"rendered":"Informaci\u00f3n adicional sobre trabajadores migrantes"},"content":{"rendered":"\n<p class=\"pb__8\">Cada verano, miles de trabajadores extranjeros temporales llegan a Canad\u00e1 para trabajar en el sector agr\u00edcola, principalmente en Ontario y Quebec. La mayor\u00eda de los trabajadores proceden de M\u00e9xico. En 2015, 40.497 trabajadores temporales extranjeros ocuparon 45.005 puestos de trabajo en explotaciones agr\u00edcolas.<\/p>\n\n<p class=\"pb__8\">La contrataci\u00f3n de trabajadores extranjeros temporales se ha convertido en una pr\u00e1ctica generalizada para compensar la falta de mano de obra disponible en el sector agr\u00edcola. Statistics Canada estudi\u00f3 la presencia de estos trabajadores en la poblaci\u00f3n, empleados para operaciones agr\u00edcolas en Canad\u00e1, cruzando y comparando los datos del Programa de Trabajadores Extranjeros Temporales con los datos del Censo de Agricultura de 2016.<\/p>\n\n<p class=\"pb__8\">La mayor\u00eda de los trabajadores extranjeros temporales contratados por empresas agr\u00edcolas trabajaban en explotaciones agr\u00edcolas. M\u00e1s concretamente, 41.659 empleos ocupados por trabajadores temporales extranjeros correspond\u00edan al subsector de los cultivos, lo que representa el 92,6% de todos los empleos agr\u00edcolas ocupados por trabajadores temporales extranjeros en Canad\u00e1. En el<br\/>En el subsector de la ganader\u00eda, 3.346 empleos fueron ocupados por trabajadores temporales extranjeros, lo que representa el 7,4% de todos los empleos agr\u00edcolas ocupados por trabajadores temporales extranjeros.<\/p>\n\n<p class=\"pb__8\">El sector de la producci\u00f3n de invernaderos, viveros y floricultura es el que m\u00e1s trabajadores temporales extranjeros contrata, con 15.093 empleos (el 33,5% del total de empleos agr\u00edcolas ocupados por trabajadores temporales extranjeros). Le sigue la agricultura de hortalizas y melones, con 11.793 empleos (26,2%),<br\/>y la fruticultura y la arboricultura, con 10.523 empleos (23,4%).<\/p>\n\n<p class=\"pb__8\">La mayor\u00eda de los puestos de trabajo ocupados por trabajadores agr\u00edcolas extranjeros temporales se encuentran en el este de Canad\u00e1. Ontario (21.975 empleos) y Quebec (10.617 empleos) representaron conjuntamente el 72,4% de todos los empleos ocupados por trabajadores agr\u00edcolas extranjeros temporales en Canad\u00e1. Tambi\u00e9n representaron el 60,9% (2.183) de las<br\/>todas las explotaciones agr\u00edcolas que contrataron al menos a un trabajador extranjero temporal (1 350 explotaciones en Ontario y 833 en Quebec).<\/p>\n\n<p class=\"pb__8\">Algo m\u00e1s de la mitad de los trabajadores agr\u00edcolas extranjeros temporales proceden de M\u00e9xico<br\/>En 2015, algo m\u00e1s de la mitad (51,5%) de los trabajadores agr\u00edcolas temporales extranjeros proced\u00edan de M\u00e9xico (20.854 trabajadores), seguidos de Jamaica (19,5%) y Guatemala (15,2%). En total, el 86,2% de los trabajadores extranjeros temporales en Canad\u00e1 (34.897 trabajadores) proced\u00edan de uno de estos tres pa\u00edses.<\/p>\n\n<p class=\"pb__8\">En https:\/\/www150.statcan.gc.ca\/n1\/daily0-quotidien <a href=\"https:\/\/www150.statcan.gc.ca\/n1\/daily0-quotidien\/190708\/dq190708a-eng.htm\">\/190708\/dq190708a-eng.htm<\/a><\/p>\n\n<hr class=\"wp-block-separator has-text-color has-font-primary-color has-alpha-channel-opacity has-font-primary-background-color has-background is-style-wide\"\/>\n\n<p class=\"pt__8 pb__8\">Los trabajadores extranjeros obtienen permisos de trabajo para ocupar puestos vacantes durante periodos de tiempo espec\u00edficos: Los trabajadores extranjeros temporales (TFW) est\u00e1n en Canad\u00e1 un m\u00e1ximo de dos a\u00f1os cada vez y los trabajadores del Programa de Trabajadores Agr\u00edcolas Temporales (SAWP) est\u00e1n en Canad\u00e1 un m\u00e1ximo de ocho a\u00f1os.<br\/>meses, aunque pueden volver de nuevo cada temporada. Se les paga lo mismo que a un trabajador canadiense por la misma funci\u00f3n, seg\u00fan lo regulado a trav\u00e9s del Programa de Trabajadores Extranjeros Temporales (TFWP).<\/p>\n\n<p class=\"pt__1 pb__8\">El TFWP contribuye a paliar la escasez cr\u00f3nica de mano de obra en la agricultura canadiense. La agricultura canadiense emplea cada a\u00f1o a m\u00e1s de 60.000 trabajadores extranjeros en sus explotaciones. Incluso con este programa, la agricultura en las explotaciones tiene la tasa de vacantes m\u00e1s alta de todas las industrias, con un 5,4%. El 70% de estos trabajadores se quedan en Ontario y el 67% de ellos est\u00e1n en nuestra di\u00f3cesis de Huron y unos 5.000 trabajadores est\u00e1n en la zona del condado de Norfolk.<\/p>\n\n<p class=\"pt__1\">Durante COVID-19, el acceso a la mano de obra internacional se ha hecho m\u00e1s dif\u00edcil y complicado. Los agricultores se han visto obligados a hacer frente a una crisis sanitaria mundial para la que no estaban preparados, ni personalmente ni en t\u00e9rminos de infraestructura en las explotaciones. Se han producido brotes en explotaciones con<br\/>trabajadores internacionales, y estas infecciones han provocado la muerte de cuatro trabajadores agr\u00edcolas mexicanos en Canad\u00e1 hasta la fecha. En respuesta a estas desgraciadas muertes, grupos de trabajadores inmigrantes han publicado informes infundados en los que atacan al Programa de Trabajadores Temporales Extranjeros y a los agricultores en general de todo Canad\u00e1. Esta p\u00e1gina proporcionar\u00e1 informaci\u00f3n cr\u00edtica y objetiva sobre el Programa de Trabajadores Temporales Extranjeros para ayudar a dar una perspectiva equilibrada sobre c\u00f3mo funciona este programa para todos los implicados.  <\/p>\n\n<p>Fuente: <a href=\"https:\/\/www.cfa-fca.ca\/issues\/temporary-foreign-worker-program-and-canadian-agriculture\/\">https:\/\/www.cfa-fca.ca\/issues\/temporary-foreign-worker-program-and-canadian-agriculture\/<\/a><\/p>\n","protected":false},"excerpt":{"rendered":"<p>Cada verano, miles de trabajadores extranjeros temporales llegan a Canad\u00e1 para trabajar en el sector agr\u00edcola, principalmente en Ontario y Quebec. La mayor\u00eda de los trabajadores proceden de M\u00e9xico. En 2015, 40.497 trabajadores temporales extranjeros ocuparon 45.005 puestos de trabajo en explotaciones agr\u00edcolas. La contrataci\u00f3n de trabajadores extranjeros temporales se ha convertido en una pr\u00e1ctica [&hellip;]<\/p>\n","protected":false},"author":6,"featured_media":0,"parent":613,"menu_order":0,"comment_status":"closed","ping_status":"closed","template":"","meta":{"footnotes":""},"class_list":["post-597","page","type-page","status-publish","hentry"],"_links":{"self":[{"href":"https:\/\/huronfwm.org\/es\/wp-json\/wp\/v2\/pages\/597","targetHints":{"allow":["GET"]}}],"collection":[{"href":"https:\/\/huronfwm.org\/es\/wp-json\/wp\/v2\/pages"}],"about":[{"href":"https:\/\/huronfwm.org\/es\/wp-json\/wp\/v2\/types\/page"}],"author":[{"embeddable":true,"href":"https:\/\/huronfwm.org\/es\/wp-json\/wp\/v2\/users\/6"}],"replies":[{"embeddable":true,"href":"https:\/\/huronfwm.org\/es\/wp-json\/wp\/v2\/comments?post=597"}],"version-history":[{"count":1,"href":"https:\/\/huronfwm.org\/es\/wp-json\/wp\/v2\/pages\/597\/revisions"}],"predecessor-version":[{"id":601,"href":"https:\/\/huronfwm.org\/es\/wp-json\/wp\/v2\/pages\/597\/revisions\/601"}],"up":[{"embeddable":true,"href":"https:\/\/huronfwm.org\/es\/wp-json\/wp\/v2\/pages\/613"}],"wp:attachment":[{"href":"https:\/\/huronfwm.org\/es\/wp-json\/wp\/v2\/media?parent=597"}],"curies":[{"name":"wp","href":"https:\/\/api.w.org\/{rel}","templated":true}]}}