{"id":1203,"date":"2025-04-28T15:21:13","date_gmt":"2025-04-28T19:21:13","guid":{"rendered":"https:\/\/huronfwm.org\/unete-a-nuestra-mision-se-necesitan-voluntarios-y-miembros-del-equipo\/"},"modified":"2025-05-22T19:45:45","modified_gmt":"2025-05-22T23:45:45","slug":"unete-a-nuestra-mision-se-necesitan-voluntarios-y-miembros-del-equipo","status":"publish","type":"page","link":"https:\/\/huronfwm.org\/es\/unete-a-nuestra-mision-se-necesitan-voluntarios-y-miembros-del-equipo\/","title":{"rendered":"\u00danete a Nuestra Misi\u00f3n: \u00a1Estamos Buscando Voluntarios y Nuevos Miembros para Nuestro Equipo!"},"content":{"rendered":"\n<figure class=\"wp-block-image size-large\"><img loading=\"lazy\" decoding=\"async\" width=\"1024\" height=\"1024\" src=\"https:\/\/huronfwm.org\/wp-content\/uploads\/2025\/05\/1-1024x1024.png\" alt=\"\" class=\"wp-image-1286\" srcset=\"https:\/\/huronfwm.org\/wp-content\/uploads\/2025\/05\/1-1024x1024.png 1024w, https:\/\/huronfwm.org\/wp-content\/uploads\/2025\/05\/1-300x300.png 300w, https:\/\/huronfwm.org\/wp-content\/uploads\/2025\/05\/1-150x150.png 150w, https:\/\/huronfwm.org\/wp-content\/uploads\/2025\/05\/1-768x768.png 768w, https:\/\/huronfwm.org\/wp-content\/uploads\/2025\/05\/1.png 1080w\" sizes=\"auto, (max-width: 1024px) 100vw, 1024px\" \/><\/figure>\n\n\n\n<p><\/p>\n\n\n\n<p><strong><em>Huron Farmworkers Ministry<\/em><\/strong> est\u00e1 creciendo &#8211; \u00a1y te necesitamos a TI!<br>Actualmente buscamos voluntarios apasionados y personas interesadas en unirse a nuestro entregado equipo. Si crees en el servicio a los dem\u00e1s, en la defensa de los derechos de los trabajadores agr\u00edcolas y en la construcci\u00f3n de una comunidad m\u00e1s fuerte y compasiva, nos encantar\u00eda saber de ti.<\/p>\n\n\n\n<p>Tanto si puedes dedicar unas horas a la semana como si buscas una oportunidad profesional significativa, tus habilidades y tu coraz\u00f3n pueden marcar una verdadera diferencia. Hay oportunidades disponibles en divulgaci\u00f3n, educaci\u00f3n, eventos comunitarios, apoyo administrativo y mucho m\u00e1s. <\/p>\n\n\n\n<p><strong>Ven a formar parte de algo m\u00e1s grande.<\/strong><br>Juntos, podemos empoderar, apoyar y caminar junto a la comunidad de trabajadores agr\u00edcolas del condado de Huron y m\u00e1s all\u00e1.<\/p>\n\n\n\n<p><strong>\u00bfTe interesa?<\/strong><br>Env\u00eda tu curr\u00edculum o ponte en contacto con nosotros en <strong><em><a href=\"mailto:diana@huronfwm.org\">dianar@huronfwm.org<\/a><\/em><\/strong> para obtener m\u00e1s informaci\u00f3n.<\/p>\n\n\n\n<p>\u00a1Gracias por formar parte de esta importante labor!<\/p>\n\n\n\n<p><\/p>\n","protected":false},"excerpt":{"rendered":"<p>Huron Farmworkers Ministry est\u00e1 creciendo &#8211; \u00a1y te necesitamos a TI!Actualmente buscamos voluntarios apasionados y personas interesadas en unirse a nuestro entregado equipo. Si crees en el servicio a los dem\u00e1s, en la defensa de los derechos de los trabajadores agr\u00edcolas y en la construcci\u00f3n de una comunidad m\u00e1s fuerte y compasiva, nos encantar\u00eda saber [&hellip;]<\/p>\n","protected":false},"author":6,"featured_media":1206,"parent":0,"menu_order":0,"comment_status":"closed","ping_status":"closed","template":"","meta":{"footnotes":""},"class_list":["post-1203","page","type-page","status-publish","has-post-thumbnail","hentry"],"_links":{"self":[{"href":"https:\/\/huronfwm.org\/es\/wp-json\/wp\/v2\/pages\/1203","targetHints":{"allow":["GET"]}}],"collection":[{"href":"https:\/\/huronfwm.org\/es\/wp-json\/wp\/v2\/pages"}],"about":[{"href":"https:\/\/huronfwm.org\/es\/wp-json\/wp\/v2\/types\/page"}],"author":[{"embeddable":true,"href":"https:\/\/huronfwm.org\/es\/wp-json\/wp\/v2\/users\/6"}],"replies":[{"embeddable":true,"href":"https:\/\/huronfwm.org\/es\/wp-json\/wp\/v2\/comments?post=1203"}],"version-history":[{"count":18,"href":"https:\/\/huronfwm.org\/es\/wp-json\/wp\/v2\/pages\/1203\/revisions"}],"predecessor-version":[{"id":1290,"href":"https:\/\/huronfwm.org\/es\/wp-json\/wp\/v2\/pages\/1203\/revisions\/1290"}],"wp:featuredmedia":[{"embeddable":true,"href":"https:\/\/huronfwm.org\/es\/wp-json\/wp\/v2\/media\/1206"}],"wp:attachment":[{"href":"https:\/\/huronfwm.org\/es\/wp-json\/wp\/v2\/media?parent=1203"}],"curies":[{"name":"wp","href":"https:\/\/api.w.org\/{rel}","templated":true}]}}